{"id":8230,"date":"2024-06-10T16:31:23","date_gmt":"2024-06-10T19:31:23","guid":{"rendered":"https:\/\/www.corsage.com.br\/rolex\/?page_id=8230"},"modified":"2025-02-06T15:56:59","modified_gmt":"2025-02-06T18:56:59","slug":"nossa-historia","status":"publish","type":"page","link":"https:\/\/www.corsage.com.br\/rolex\/nossa-historia\/","title":{"rendered":"Nossa Hist\u00f3ria"},"content":{"rendered":"\r\n\r\n\r\n<div class=\"bredcum\"><\/div>\r\n<meta name=\"keywords\" content=\"Hist\u00f3ria Rolex Corsage\">\r\n\r\n\t<div class=\"img has-hover hide-for-small x md-x lg-x y md-y lg-y\" id=\"image_1758332709\">\n\t\t\t\t\t\t\t\t<div class=\"img-inner dark\" >\n\t\t\t<img loading=\"lazy\" decoding=\"async\" width=\"2560\" height=\"356\" src=\"https:\/\/www.corsage.com.br\/rolex\/wp-content\/uploads\/2023\/08\/banner_landscape_04-scaled.jpg\" class=\"attachment-original size-original\" alt=\"\" srcset=\"https:\/\/www.corsage.com.br\/rolex\/wp-content\/uploads\/2023\/08\/banner_landscape_04-scaled.jpg 2560w, https:\/\/www.corsage.com.br\/rolex\/wp-content\/uploads\/2023\/08\/banner_landscape_04-300x42.jpg 300w, https:\/\/www.corsage.com.br\/rolex\/wp-content\/uploads\/2023\/08\/banner_landscape_04-scaled-600x83.jpg 600w, https:\/\/www.corsage.com.br\/rolex\/wp-content\/uploads\/2023\/08\/banner_landscape_04-1024x142.jpg 1024w, https:\/\/www.corsage.com.br\/rolex\/wp-content\/uploads\/2023\/08\/banner_landscape_04-768x107.jpg 768w, https:\/\/www.corsage.com.br\/rolex\/wp-content\/uploads\/2023\/08\/banner_landscape_04-1536x213.jpg 1536w, https:\/\/www.corsage.com.br\/rolex\/wp-content\/uploads\/2023\/08\/banner_landscape_04-2048x284.jpg 2048w\" sizes=\"auto, (max-width: 2560px) 100vw, 2560px\" \/>\t\t\t\t\t\t\n\t\t\t\t\t<\/div>\n\t\t\t\t\t\t\t\t\n<style>\n#image_1758332709 {\n  width: 100%;\n}\n<\/style>\n\t<\/div>\n\t\r\n\r\n\t<div class=\"img has-hover show-for-small x md-x lg-x y md-y lg-y\" id=\"image_711372536\">\n\t\t\t\t\t\t\t\t<div class=\"img-inner image-cover dark\" style=\"padding-top:56.25%;\">\n\t\t\t<img loading=\"lazy\" decoding=\"async\" width=\"1440\" height=\"900\" src=\"https:\/\/www.corsage.com.br\/rolex\/wp-content\/uploads\/2023\/06\/WhatsApp-Image-2023-06-16-at-12.29.15.jpeg\" class=\"attachment-original size-original\" alt=\"\" srcset=\"https:\/\/www.corsage.com.br\/rolex\/wp-content\/uploads\/2023\/06\/WhatsApp-Image-2023-06-16-at-12.29.15.jpeg 1440w, https:\/\/www.corsage.com.br\/rolex\/wp-content\/uploads\/2023\/06\/WhatsApp-Image-2023-06-16-at-12.29.15-300x188.jpeg 300w, https:\/\/www.corsage.com.br\/rolex\/wp-content\/uploads\/2023\/06\/WhatsApp-Image-2023-06-16-at-12.29.15-600x375.jpeg 600w, https:\/\/www.corsage.com.br\/rolex\/wp-content\/uploads\/2023\/06\/WhatsApp-Image-2023-06-16-at-12.29.15-1024x640.jpeg 1024w, https:\/\/www.corsage.com.br\/rolex\/wp-content\/uploads\/2023\/06\/WhatsApp-Image-2023-06-16-at-12.29.15-768x480.jpeg 768w\" sizes=\"auto, (max-width: 1440px) 100vw, 1440px\" \/>\t\t\t\t\t\t\n\t\t\t\t\t<\/div>\n\t\t\t\t\t\t\t\t\n<style>\n#image_711372536 {\n  width: 100%;\n}\n<\/style>\n\t<\/div>\n\t\r\n\r\n\t<div id=\"gap-1868592229\" class=\"gap-element clearfix\" style=\"display:block; height:auto;\">\n\t\t\n<style>\n#gap-1868592229 {\n  padding-top: 30px;\n}\n<\/style>\n\t<\/div>\n\t\r\n\r\n<div class=\"row align-center\"  id=\"row-1604975823\">\r\n\r\n\n\t<div id=\"col-863237430\" class=\"col medium-9 small-12 large-9\"  >\n\t\t\t\t<div class=\"col-inner\"  >\n\t\t\t\n\t\t\t\r\n\r\n<h1 style=\"text-align: center;\">NOSSA HIST\u00d3RIA - CORSAGE<\/h1>\r\n<div class=\"text content\">\r\n<p style=\"text-align: center;\" align=\"left\">Corsage trouxe a primeira boutique oficial marca Rolex para o Brasil e tem orgulho de oferecer aos seus clientes a mais completa experiencia da marca, tendo como valores essenciais o respeito, a confian\u00e7a e a dedica\u00e7\u00e3o.<\/p>\r\n<\/div>\r\n\r\n\t\t<\/div>\n\t\t\t\t\t<\/div>\n\n\t\r\n\n\t<div id=\"col-1729269263\" class=\"col medium-11 small-12 large-11\"  >\n\t\t\t\t<div class=\"col-inner\"  >\n\t\t\t\n\t\t\t\r\n\r\n<div class=\"row row-collapse row-full-width\"  id=\"row-1857289038\">\r\n\r\n\n\t<div id=\"col-1771418398\" class=\"col medium-6 small-12 large-6\"  >\n\t\t\t\t<div class=\"col-inner\"  >\n\t\t\t\n\t\t\t\r\n\r\n\n  <div class=\"banner has-hover\" id=\"banner-406224284\">\n          <div class=\"banner-inner fill\">\n        <div class=\"banner-bg fill\" >\n            <div class=\"bg fill bg-fill \"><\/div>\n                                    \n                    <\/div>\n\t\t\n        <div class=\"banner-layers container\">\n            <div class=\"fill banner-link\"><\/div>            \r\n\r\n   <div id=\"text-box-644859581\" class=\"text-box banner-layer x50 md-x50 lg-x50 y50 md-y50 lg-y50 res-text\">\n                                <div class=\"text-box-content text dark\">\n              \n              <div class=\"text-inner text-center\">\n                  \r\n\r\n\r\n              <\/div>\n           <\/div>\n                            \n<style>\n#text-box-644859581 {\n  width: 60%;\n}\n#text-box-644859581 .text-box-content {\n  font-size: 100%;\n}\n<\/style>\n    <\/div>\n \r\n\r\n        <\/div>\n      <\/div>\n\n            \n<style>\n#banner-406224284 {\n  padding-top: 300px;\n}\n#banner-406224284 .bg.bg-loaded {\n  background-image: url(https:\/\/www.corsage.com.br\/rolex\/wp-content\/uploads\/2022\/10\/firstorigencorsage.jpeg);\n}\n#banner-406224284 .ux-shape-divider--top svg {\n  height: 150px;\n  --divider-top-width: 100%;\n}\n#banner-406224284 .ux-shape-divider--bottom svg {\n  height: 150px;\n  --divider-width: 100%;\n}\n@media (min-width:550px) {\n  #banner-406224284 {\n    padding-top: 400px;\n  }\n}\n<\/style>\n  <\/div>\n\n\r\n\r\n\t\t<\/div>\n\t\t\t\t\t<\/div>\n\n\t\r\n\n\t<div id=\"col-845053297\" class=\"col medium-6 small-12 large-6\"  >\n\t\t\t\t<div class=\"col-inner\"  >\n\t\t\t\n\t\t\t\r\n\r\n\n  <div class=\"banner has-hover\" id=\"banner-1072445326\">\n          <div class=\"banner-inner fill\">\n        <div class=\"banner-bg fill\" >\n            <div class=\"bg fill bg-fill \"><\/div>\n                                    \n                    <\/div>\n\t\t\n        <div class=\"banner-layers container\">\n            <div class=\"fill banner-link\"><\/div>            \r\n\r\n   <div id=\"text-box-1093764463\" class=\"text-box banner-layer x50 md-x50 lg-x50 y50 md-y50 lg-y50 res-text\">\n                                <div class=\"text-box-content text \">\n              \n              <div class=\"text-inner text-center\">\n                  \r\n\r\n\t<div id=\"text-1020749484\" class=\"text\">\n\t\t\r\n\r\n<h3 class=\"title-big\">A ORIGEM<\/h3>\r\n<p>A Corsage nasceu da paix\u00e3o da fam\u00edlia Mora por joias. Sua hist\u00f3ria teve in\u00edcio em 1935, em Floren\u00e7a, It\u00e1lia, com a abertura da Mora's Joalheria e Relojoaria. A excel\u00eancia e a qualidade em gemas foram trazidas para o Brasil com muita sofistica\u00e7\u00e3o e, desde ent\u00e3o, a Corsage come\u00e7ou a trabalhar como uma das maiores atacadistas de S\u00e3o Paulo. Em 1995, teve sua primeira loja inaugurada no Shopping Iguatemi.<\/p>\r\n\r\n\t\t\n<style>\n#text-1020749484 {\n  font-size: 0.8rem;\n  text-align: left;\n}\n<\/style>\n\t<\/div>\n\t\r\n\r\n              <\/div>\n           <\/div>\n                            \n<style>\n#text-box-1093764463 {\n  width: 83%;\n}\n#text-box-1093764463 .text-box-content {\n  font-size: 100%;\n}\n<\/style>\n    <\/div>\n \r\n\r\n        <\/div>\n      <\/div>\n\n            \n<style>\n#banner-1072445326 {\n  padding-top: 300px;\n  background-color: rgb(255, 255, 255);\n}\n#banner-1072445326 .ux-shape-divider--top svg {\n  height: 150px;\n  --divider-top-width: 100%;\n}\n#banner-1072445326 .ux-shape-divider--bottom svg {\n  height: 150px;\n  --divider-width: 100%;\n}\n@media (min-width:550px) {\n  #banner-1072445326 {\n    padding-top: 400px;\n  }\n}\n<\/style>\n  <\/div>\n\n\r\n\r\n\t\t<\/div>\n\t\t\t\t\t<\/div>\n\n\t\r\n\r\n<\/div>\r\n<div class=\"row row-collapse row-full-width\"  id=\"row-1231632212\">\r\n\r\n\n\t<div id=\"col-538603203\" class=\"col medium-6 small-12 large-6\"  >\n\t\t\t\t<div class=\"col-inner\"  >\n\t\t\t\n\t\t\t\r\n\r\n\n  <div class=\"banner has-hover\" id=\"banner-734095917\">\n          <div class=\"banner-inner fill\">\n        <div class=\"banner-bg fill\" >\n            <div class=\"bg fill bg-fill \"><\/div>\n                                    \n                    <\/div>\n\t\t\n        <div class=\"banner-layers container\">\n            <div class=\"fill banner-link\"><\/div>            \r\n\r\n   <div id=\"text-box-720143284\" class=\"text-box banner-layer x50 md-x50 lg-x50 y50 md-y50 lg-y50 res-text\">\n                                <div class=\"text-box-content text \">\n              \n              <div class=\"text-inner text-center\">\n                  \r\n\r\n\t<div id=\"text-2514070131\" class=\"text\">\n\t\t\r\n\r\n<h3 class=\"title-big\">A CORSAGE<\/h3>\r\n<div class=\"col-md-6 col-12\">\r\n<div class=\"internal\">\r\n<p>Iniciou a parceria com a Rolex h\u00e1 mais de 20 anos com a abertura do seu primeiro corner na Corsage do Shopping Iguatemi S\u00e3o Paulo. Em 2010 inaugurou a primeira Boutique Rolex no Shopping Cidade Jardim em S\u00e3o Paulo, sendo conceituada como uma das mais importantes dealers da marca em territ\u00f3rio nacional.<\/p>\r\n<\/div>\r\n<\/div>\r\n\t\t\n<style>\n#text-2514070131 {\n  font-size: 0.8rem;\n  text-align: left;\n}\n<\/style>\n\t<\/div>\n\t\r\n\r\n              <\/div>\n           <\/div>\n                            \n<style>\n#text-box-720143284 {\n  width: 83%;\n}\n#text-box-720143284 .text-box-content {\n  font-size: 100%;\n}\n<\/style>\n    <\/div>\n \r\n\r\n        <\/div>\n      <\/div>\n\n            \n<style>\n#banner-734095917 {\n  padding-top: 300px;\n  background-color: rgb(255, 255, 255);\n}\n#banner-734095917 .ux-shape-divider--top svg {\n  height: 150px;\n  --divider-top-width: 100%;\n}\n#banner-734095917 .ux-shape-divider--bottom svg {\n  height: 150px;\n  --divider-width: 100%;\n}\n@media (min-width:550px) {\n  #banner-734095917 {\n    padding-top: 400px;\n  }\n}\n<\/style>\n  <\/div>\n\n\r\n\r\n\t\t<\/div>\n\t\t\t\t\t<\/div>\n\n\t\r\n\n\t<div id=\"col-1090194537\" class=\"col medium-6 small-12 large-6\"  >\n\t\t\t\t<div class=\"col-inner\"  >\n\t\t\t\n\t\t\t\r\n\r\n\n  <div class=\"banner has-hover\" id=\"banner-2002492074\">\n          <div class=\"banner-inner fill\">\n        <div class=\"banner-bg fill\" >\n            <div class=\"bg fill bg-fill \"><\/div>\n                                    \n                    <\/div>\n\t\t\n        <div class=\"banner-layers container\">\n            <div class=\"fill banner-link\"><\/div>            \r\n\r\n   <div id=\"text-box-134586185\" class=\"text-box banner-layer x50 md-x50 lg-x50 y50 md-y50 lg-y50 res-text\">\n                                <div class=\"text-box-content text dark\">\n              \n              <div class=\"text-inner text-center\">\n                  \r\n\r\n\r\n              <\/div>\n           <\/div>\n                            \n<style>\n#text-box-134586185 {\n  width: 60%;\n}\n#text-box-134586185 .text-box-content {\n  font-size: 100%;\n}\n<\/style>\n    <\/div>\n \r\n\r\n        <\/div>\n      <\/div>\n\n            \n<style>\n#banner-2002492074 {\n  padding-top: 200px;\n}\n#banner-2002492074 .bg.bg-loaded {\n  background-image: url(https:\/\/www.corsage.com.br\/rolex\/wp-content\/uploads\/2022\/10\/frente-corsage-cd-jd-1024x874.jpg);\n}\n#banner-2002492074 .ux-shape-divider--top svg {\n  height: 150px;\n  --divider-top-width: 100%;\n}\n#banner-2002492074 .ux-shape-divider--bottom svg {\n  height: 150px;\n  --divider-width: 100%;\n}\n@media (min-width:550px) {\n  #banner-2002492074 {\n    padding-top: 400px;\n  }\n}\n<\/style>\n  <\/div>\n\n\r\n\r\n\t\t<\/div>\n\t\t\t\t\t<\/div>\n\n\t\r\n\r\n<\/div>\r\n<div class=\"row row-collapse row-full-width\"  id=\"row-1057242800\">\r\n\r\n\n\t<div id=\"col-521574471\" class=\"col medium-6 small-12 large-6\"  >\n\t\t\t\t<div class=\"col-inner\"  >\n\t\t\t\n\t\t\t\r\n\r\n\n  <div class=\"banner has-hover\" id=\"banner-263706901\">\n          <div class=\"banner-inner fill\">\n        <div class=\"banner-bg fill\" >\n            <div class=\"bg fill bg-fill \"><\/div>\n                                    \n                    <\/div>\n\t\t\n        <div class=\"banner-layers container\">\n            <div class=\"fill banner-link\"><\/div>            \r\n\r\n   <div id=\"text-box-1308320040\" class=\"text-box banner-layer x50 md-x50 lg-x50 y50 md-y50 lg-y50 res-text\">\n                                <div class=\"text-box-content text dark\">\n              \n              <div class=\"text-inner text-center\">\n                  \r\n\r\n\r\n              <\/div>\n           <\/div>\n                            \n<style>\n#text-box-1308320040 {\n  width: 60%;\n}\n#text-box-1308320040 .text-box-content {\n  font-size: 100%;\n}\n<\/style>\n    <\/div>\n \r\n\r\n        <\/div>\n      <\/div>\n\n            \n<style>\n#banner-263706901 {\n  padding-top: 200px;\n}\n#banner-263706901 .bg.bg-loaded {\n  background-image: url(https:\/\/www.corsage.com.br\/rolex\/wp-content\/uploads\/2022\/10\/LOJA-CORSAGE-1024x854.jpeg);\n}\n#banner-263706901 .ux-shape-divider--top svg {\n  height: 150px;\n  --divider-top-width: 100%;\n}\n#banner-263706901 .ux-shape-divider--bottom svg {\n  height: 150px;\n  --divider-width: 100%;\n}\n@media (min-width:550px) {\n  #banner-263706901 {\n    padding-top: 400px;\n  }\n}\n<\/style>\n  <\/div>\n\n\r\n\r\n\t\t<\/div>\n\t\t\t\t\t<\/div>\n\n\t\r\n\n\t<div id=\"col-498782892\" class=\"col medium-6 small-12 large-6\"  >\n\t\t\t\t<div class=\"col-inner\"  >\n\t\t\t\n\t\t\t\r\n\r\n\n  <div class=\"banner has-hover\" id=\"banner-1667713548\">\n          <div class=\"banner-inner fill\">\n        <div class=\"banner-bg fill\" >\n            <div class=\"bg fill bg-fill \"><\/div>\n                                    \n                    <\/div>\n\t\t\n        <div class=\"banner-layers container\">\n            <div class=\"fill banner-link\"><\/div>            \r\n\r\n   <div id=\"text-box-523042053\" class=\"text-box banner-layer x50 md-x50 lg-x50 y50 md-y50 lg-y50 res-text\">\n                                <div class=\"text-box-content text \">\n              \n              <div class=\"text-inner text-center\">\n                  \r\n\r\n\t<div id=\"text-1148682824\" class=\"text\">\n\t\t\r\n\r\n<h3 class=\"title-big\">ROLEX<\/h3>\r\n<p>O DNA da Alta Relojoaria Rolex acompanha as aventuras humanas mais marcantes do s\u00e9culo XX e XXI. Cada componente \u00e9 projetado, desenvolvido e produzido segundo rigorosos padr\u00f5es de exig\u00eancia. Introduzidos aos amantes da marca em sua \u00edntegra na primeira loja Boutique da Rolex no Brasil.<\/p>\r\n\t\t\n<style>\n#text-1148682824 {\n  font-size: 0.8rem;\n  text-align: left;\n}\n<\/style>\n\t<\/div>\n\t\r\n\r\n              <\/div>\n           <\/div>\n                            \n<style>\n#text-box-523042053 {\n  width: 83%;\n}\n#text-box-523042053 .text-box-content {\n  font-size: 100%;\n}\n<\/style>\n    <\/div>\n \r\n\r\n        <\/div>\n      <\/div>\n\n            \n<style>\n#banner-1667713548 {\n  padding-top: 300px;\n  background-color: rgb(255, 255, 255);\n}\n#banner-1667713548 .ux-shape-divider--top svg {\n  height: 150px;\n  --divider-top-width: 100%;\n}\n#banner-1667713548 .ux-shape-divider--bottom svg {\n  height: 150px;\n  --divider-width: 100%;\n}\n@media (min-width:550px) {\n  #banner-1667713548 {\n    padding-top: 400px;\n  }\n}\n<\/style>\n  <\/div>\n\n\r\n\r\n\t\t<\/div>\n\t\t\t\t\t<\/div>\n\n\t\r\n\r\n<\/div>\r\n\r\n\t\t<\/div>\n\t\t\t\t\t<\/div>\n\n\t\r\n\r\n<\/div>\r\n<div class=\"row row-collapse row-full-width\"  id=\"row-2000689631\">\r\n\r\n\n\t<div id=\"col-115944808\" class=\"col medium-6 small-12 large-6\"  >\n\t\t\t\t<div class=\"col-inner\"  >\n\t\t\t\n\t\t\t\r\n\r\n\n  <div class=\"banner has-hover\" id=\"banner-1976685521\">\n          <div class=\"banner-inner fill\">\n        <div class=\"banner-bg fill\" >\n            <div class=\"bg fill bg-fill \"><\/div>\n                                    \n                    <\/div>\n\t\t\n        <div class=\"banner-layers container\">\n            <div class=\"fill banner-link\"><\/div>            \r\n\r\n   <div id=\"text-box-15420105\" class=\"text-box banner-layer x50 md-x50 lg-x50 y50 md-y50 lg-y50 res-text\">\n                                <div class=\"text-box-content text dark\">\n              \n              <div class=\"text-inner text-center\">\n                  \r\n\r\n\t<div id=\"text-707549653\" class=\"text\">\n\t\t\r\n\r\n<h3 class=\"title_medium\">ARTE RELOJOEIRA,<br>O VERDADEIRO ESP\u00cdRITO ROLEX<\/h3>\r\n<div class=\"text\">\r\n<p>Pioneira no desenvolvimento de rel\u00f3gios de pulso, a Rolex projeta, desenvolve e produz todos os componentes essenciais dos seus rel\u00f3gios na pr\u00f3pria empresa, desde a fundi\u00e7\u00e3o das ligas de ouro e a usinagem, passando pelo trabalho artesanal e a montagem, at\u00e9 o acabamento do mecanismo, caixa, mostrador e pulseira.<\/p>\r\n<p>A Rolex est\u00e1 na origem de numerosas inova\u00e7\u00f5es de grande import\u00e2ncia, tendo registrado mais de 400 patentes ao longo de sua hist\u00f3ria. \u00c9 na Su\u00ed\u00e7a que os rel\u00f3gios Rolex ganham vida, gra\u00e7as ao know-how e ao empenho de mais de 6 mil funcion\u00e1rios que trabalham nas quatro unidades da marca, todos com experi\u00eancia comprovada nas mais avan\u00e7adas tecnologias relojoeiras.<\/p>\r\n<\/div>\r\n\t\t\n<style>\n#text-707549653 {\n  font-size: 0.8rem;\n  line-height: 1.5;\n  text-align: left;\n}\n@media (min-width:550px) {\n  #text-707549653 {\n    font-size: 0.9rem;\n  }\n}\n<\/style>\n\t<\/div>\n\t\r\n\r\n              <\/div>\n           <\/div>\n                            \n<style>\n#text-box-15420105 {\n  width: 83%;\n}\n#text-box-15420105 .text-box-content {\n  font-size: 100%;\n}\n<\/style>\n    <\/div>\n \r\n\r\n        <\/div>\n      <\/div>\n\n            \n<style>\n#banner-1976685521 {\n  padding-top: 550px;\n  background-color: rgb(22, 22, 22);\n}\n#banner-1976685521 .ux-shape-divider--top svg {\n  height: 150px;\n  --divider-top-width: 100%;\n}\n#banner-1976685521 .ux-shape-divider--bottom svg {\n  height: 150px;\n  --divider-width: 100%;\n}\n<\/style>\n  <\/div>\n\n\r\n\r\n\t\t<\/div>\n\t\t\t\t\t<\/div>\n\n\t\r\n\n\t<div id=\"col-676089051\" class=\"col medium-6 small-12 large-6\"  >\n\t\t\t\t<div class=\"col-inner\"  >\n\t\t\t\n\t\t\t\r\n\r\n\n  <div class=\"banner has-hover\" id=\"banner-1593640222\">\n          <div class=\"banner-inner fill\">\n        <div class=\"banner-bg fill\" >\n            <div class=\"bg fill bg-fill \"><\/div>\n                                    \n                    <\/div>\n\t\t\n        <div class=\"banner-layers container\">\n            <div class=\"fill banner-link\"><\/div>            \r\n\r\n   <div id=\"text-box-2133057222\" class=\"text-box banner-layer x50 md-x50 lg-x50 y50 md-y50 lg-y50 res-text\">\n                                <div class=\"text-box-content text dark\">\n              \n              <div class=\"text-inner text-center\">\n                  \r\n\r\n\r\n              <\/div>\n           <\/div>\n                            \n<style>\n#text-box-2133057222 {\n  width: 60%;\n}\n#text-box-2133057222 .text-box-content {\n  font-size: 100%;\n}\n<\/style>\n    <\/div>\n \r\n\r\n        <\/div>\n      <\/div>\n\n            \n<style>\n#banner-1593640222 {\n  padding-top: 250px;\n}\n#banner-1593640222 .bg.bg-loaded {\n  background-image: url(https:\/\/www.corsage.com.br\/rolex\/wp-content\/uploads\/2022\/10\/history-two-1-1024x640.jpg);\n}\n#banner-1593640222 .ux-shape-divider--top svg {\n  height: 150px;\n  --divider-top-width: 100%;\n}\n#banner-1593640222 .ux-shape-divider--bottom svg {\n  height: 150px;\n  --divider-width: 100%;\n}\n@media (min-width:550px) {\n  #banner-1593640222 {\n    padding-top: 550px;\n  }\n}\n<\/style>\n  <\/div>\n\n\r\n\r\n\t\t<\/div>\n\t\t\t\t\t<\/div>\n\n\t\r\n\r\n<\/div>\r\n\r\n<script> var digitalDataLayer = {\r\nenvironment: {\r\n environmentVersion: \"V7\",\r\n coBrandedVersion: \"Bespoke\",\r\n},\r\npage: {\r\n pageType: \"history page\"\r\n},\r\n}\r\n<\/script>","protected":false},"excerpt":{"rendered":"","protected":false},"author":2,"featured_media":0,"parent":0,"menu_order":0,"comment_status":"closed","ping_status":"closed","template":"page-blank.php","meta":{"footnotes":""},"class_list":["post-8230","page","type-page","status-publish","hentry"],"yoast_head":"<!-- This site is optimized with the Yoast SEO Premium plugin v27.3 (Yoast SEO v27.3) - https:\/\/yoast.com\/product\/yoast-seo-premium-wordpress\/ -->\n<title>Nossa Hist\u00f3ria - Corsage | Revenda oficial Rolex<\/title>\n<meta name=\"description\" content=\"Corsage | Revenda oficial Rolex\" \/>\n<meta name=\"robots\" content=\"index, follow, max-snippet:-1, max-image-preview:large, max-video-preview:-1\" \/>\n<link rel=\"canonical\" href=\"https:\/\/www.corsage.com.br\/rolex\/nossa-historia\/\" \/>\n<meta property=\"og:locale\" content=\"pt_BR\" \/>\n<meta property=\"og:type\" content=\"article\" \/>\n<meta property=\"og:title\" content=\"Nossa Hist\u00f3ria\" \/>\n<meta property=\"og:description\" content=\"Corsage | Revenda oficial Rolex\" \/>\n<meta property=\"og:url\" content=\"https:\/\/www.corsage.com.br\/rolex\/nossa-historia\/\" \/>\n<meta property=\"og:site_name\" content=\"Corsage | Revenda oficial Rolex\" \/>\n<meta property=\"article:modified_time\" content=\"2025-02-06T18:56:59+00:00\" \/>\n<meta name=\"twitter:card\" content=\"summary_large_image\" \/>\n<meta name=\"twitter:label1\" content=\"Est. tempo de leitura\" \/>\n\t<meta name=\"twitter:data1\" content=\"3 minutos\" \/>\n<script type=\"application\/ld+json\" class=\"yoast-schema-graph\">{\"@context\":\"https:\\\/\\\/schema.org\",\"@graph\":[{\"@type\":\"WebPage\",\"@id\":\"https:\\\/\\\/www.corsage.com.br\\\/rolex\\\/nossa-historia\\\/\",\"url\":\"https:\\\/\\\/www.corsage.com.br\\\/rolex\\\/nossa-historia\\\/\",\"name\":\"Nossa Hist\u00f3ria - Corsage | Revenda oficial Rolex\",\"isPartOf\":{\"@id\":\"https:\\\/\\\/www.corsage.com.br\\\/rolex\\\/#website\"},\"datePublished\":\"2024-06-10T19:31:23+00:00\",\"dateModified\":\"2025-02-06T18:56:59+00:00\",\"description\":\"Corsage | Revenda oficial Rolex\",\"inLanguage\":\"pt-BR\",\"potentialAction\":[{\"@type\":\"ReadAction\",\"target\":[\"https:\\\/\\\/www.corsage.com.br\\\/rolex\\\/nossa-historia\\\/\"]}]},{\"@type\":\"WebSite\",\"@id\":\"https:\\\/\\\/www.corsage.com.br\\\/rolex\\\/#website\",\"url\":\"https:\\\/\\\/www.corsage.com.br\\\/rolex\\\/\",\"name\":\"Corsage | Revenda oficial Rolex\",\"description\":\"Corsage | Revenda oficial Rolex\",\"potentialAction\":[{\"@type\":\"SearchAction\",\"target\":{\"@type\":\"EntryPoint\",\"urlTemplate\":\"https:\\\/\\\/www.corsage.com.br\\\/rolex\\\/?s={search_term_string}\"},\"query-input\":{\"@type\":\"PropertyValueSpecification\",\"valueRequired\":true,\"valueName\":\"search_term_string\"}}],\"inLanguage\":\"pt-BR\"}]}<\/script>\n<!-- \/ Yoast SEO Premium plugin. -->","yoast_head_json":{"title":"Nossa Hist\u00f3ria - Corsage | Revenda oficial Rolex","description":"Corsage | Revenda oficial Rolex","robots":{"index":"index","follow":"follow","max-snippet":"max-snippet:-1","max-image-preview":"max-image-preview:large","max-video-preview":"max-video-preview:-1"},"canonical":"https:\/\/www.corsage.com.br\/rolex\/nossa-historia\/","og_locale":"pt_BR","og_type":"article","og_title":"Nossa Hist\u00f3ria","og_description":"Corsage | Revenda oficial Rolex","og_url":"https:\/\/www.corsage.com.br\/rolex\/nossa-historia\/","og_site_name":"Corsage | Revenda oficial Rolex","article_modified_time":"2025-02-06T18:56:59+00:00","twitter_card":"summary_large_image","twitter_misc":{"Est. tempo de leitura":"3 minutos"},"schema":{"@context":"https:\/\/schema.org","@graph":[{"@type":"WebPage","@id":"https:\/\/www.corsage.com.br\/rolex\/nossa-historia\/","url":"https:\/\/www.corsage.com.br\/rolex\/nossa-historia\/","name":"Nossa Hist\u00f3ria - Corsage | Revenda oficial Rolex","isPartOf":{"@id":"https:\/\/www.corsage.com.br\/rolex\/#website"},"datePublished":"2024-06-10T19:31:23+00:00","dateModified":"2025-02-06T18:56:59+00:00","description":"Corsage | Revenda oficial Rolex","inLanguage":"pt-BR","potentialAction":[{"@type":"ReadAction","target":["https:\/\/www.corsage.com.br\/rolex\/nossa-historia\/"]}]},{"@type":"WebSite","@id":"https:\/\/www.corsage.com.br\/rolex\/#website","url":"https:\/\/www.corsage.com.br\/rolex\/","name":"Corsage | Revenda oficial Rolex","description":"Corsage | Revenda oficial Rolex","potentialAction":[{"@type":"SearchAction","target":{"@type":"EntryPoint","urlTemplate":"https:\/\/www.corsage.com.br\/rolex\/?s={search_term_string}"},"query-input":{"@type":"PropertyValueSpecification","valueRequired":true,"valueName":"search_term_string"}}],"inLanguage":"pt-BR"}]}},"_links":{"self":[{"href":"https:\/\/www.corsage.com.br\/rolex\/wp-json\/wp\/v2\/pages\/8230","targetHints":{"allow":["GET"]}}],"collection":[{"href":"https:\/\/www.corsage.com.br\/rolex\/wp-json\/wp\/v2\/pages"}],"about":[{"href":"https:\/\/www.corsage.com.br\/rolex\/wp-json\/wp\/v2\/types\/page"}],"author":[{"embeddable":true,"href":"https:\/\/www.corsage.com.br\/rolex\/wp-json\/wp\/v2\/users\/2"}],"replies":[{"embeddable":true,"href":"https:\/\/www.corsage.com.br\/rolex\/wp-json\/wp\/v2\/comments?post=8230"}],"version-history":[{"count":3,"href":"https:\/\/www.corsage.com.br\/rolex\/wp-json\/wp\/v2\/pages\/8230\/revisions"}],"predecessor-version":[{"id":9632,"href":"https:\/\/www.corsage.com.br\/rolex\/wp-json\/wp\/v2\/pages\/8230\/revisions\/9632"}],"wp:attachment":[{"href":"https:\/\/www.corsage.com.br\/rolex\/wp-json\/wp\/v2\/media?parent=8230"}],"curies":[{"name":"wp","href":"https:\/\/api.w.org\/{rel}","templated":true}]}}